{"id":5867,"date":"2025-10-22T17:04:03","date_gmt":"2025-10-22T17:04:03","guid":{"rendered":"https:\/\/new.palmari.org\/esp\/?page_id=5867"},"modified":"2026-01-05T16:17:38","modified_gmt":"2026-01-05T16:17:38","slug":"galerias","status":"publish","type":"page","link":"https:\/\/new.palmari.org\/esp\/galerias\/","title":{"rendered":"Galer\u00edas"},"content":{"rendered":"\t\t<div data-elementor-type=\"wp-page\" data-elementor-id=\"5867\" class=\"elementor elementor-5867\" data-elementor-post-type=\"page\">\n\t\t\t\t<div class=\"elementor-element elementor-element-2ad6161 e-flex e-con-boxed e-con e-parent\" data-id=\"2ad6161\" data-element_type=\"container\">\n\t\t\t\t\t<div class=\"e-con-inner\">\n\t\t\t\t<div class=\"elementor-element elementor-element-c23660c animated-slow elementor-invisible elementor-widget elementor-widget-heading\" data-id=\"c23660c\" data-element_type=\"widget\" data-settings=\"{&quot;_animation&quot;:&quot;fadeInUp&quot;,&quot;_animation_delay&quot;:400}\" data-widget_type=\"heading.default\">\n\t\t\t\t<div class=\"elementor-widget-container\">\n\t\t\t\t\t<h2 class=\"elementor-heading-title elementor-size-default\">Explora Nuestras Galer\u00edas<\/h2>\t\t\t\t<\/div>\n\t\t\t\t<\/div>\n\t\t\t\t<div class=\"elementor-element elementor-element-31bc906 elementor-widget elementor-widget-text-editor\" data-id=\"31bc906\" data-element_type=\"widget\" data-widget_type=\"text-editor.default\">\n\t\t\t\t<div class=\"elementor-widget-container\">\n\t\t\t\t\t\t\t\t\t<p>Ad\u00e9ntrate en el exuberante y verde abrazo del entorno amaz\u00f3nico a trav\u00e9s de nuestras cautivadoras colecciones fotogr\u00e1ficas.<br \/>En la <strong>Reserva Natural Palmari<\/strong>, acercamos las maravillas de la selva tropical a tus sentidos, permiti\u00e9ndote admirar la impresionante belleza de su vida silvestre desde la comodidad de tu propio espacio.<\/p><p>D\u00e9jate maravillar por el caleidoscopio de colores que conforman la vibrante flora, fauna, nuestras experiencias \u00fanicas \u00a1y mucho m\u00e1s!<\/p>\t\t\t\t\t\t\t\t<\/div>\n\t\t\t\t<\/div>\n\t\t<div class=\"elementor-element elementor-element-4afb477 e-con-full elementor-hidden-tablet e-flex e-con e-child\" data-id=\"4afb477\" data-element_type=\"container\">\n\t\t\t\t<div class=\"elementor-element elementor-element-4155407 elementor-hidden-mobile elementor-widget elementor-widget-jw-carousel\" data-id=\"4155407\" data-element_type=\"widget\" data-settings=\"{&quot;slides_to_show&quot;:&quot;3&quot;,&quot;slides_to_show_mobile&quot;:&quot;3&quot;}\" data-widget_type=\"jw-carousel.default\">\n\t\t\t\t<div class=\"elementor-widget-container\">\n\t\t\t\t\t<div class=\"elementor-jw-carousel jet-widgets\"><div class=\"jw-carousel-wrap\">\n\t<div class=\"jw-carousel elementor-slick-slider\" data-slider_options=\"{&quot;autoplaySpeed&quot;:5000,&quot;autoplay&quot;:true,&quot;infinite&quot;:true,&quot;pauseOnHover&quot;:false,&quot;speed&quot;:500,&quot;arrows&quot;:true,&quot;dots&quot;:true,&quot;slidesToScroll&quot;:1,&quot;prevArrow&quot;:&quot;&lt;span class=\\&quot;jet-widgets-icon prev-arrow jw-arrow slick-arrow\\&quot;&gt;&lt;svg aria-hidden=\\&quot;true\\&quot; class=\\&quot;e-font-icon-svg e-fas-angle-left\\&quot; viewBox=\\&quot;0 0 256 512\\&quot; xmlns=\\&quot;http:\\\/\\\/www.w3.org\\\/2000\\\/svg\\&quot;&gt;&lt;path d=\\&quot;M31.7 239l136-136c9.4-9.4 24.6-9.4 33.9 0l22.6 22.6c9.4 9.4 9.4 24.6 0 33.9L127.9 256l96.4 96.4c9.4 9.4 9.4 24.6 0 33.9L201.7 409c-9.4 9.4-24.6 9.4-33.9 0l-136-136c-9.5-9.4-9.5-24.6-.1-34z\\&quot;&gt;&lt;\\\/path&gt;&lt;\\\/svg&gt;&lt;\\\/span&gt;&quot;,&quot;variableWidth&quot;:false,&quot;vertical&quot;:false,&quot;nextArrow&quot;:&quot;&lt;span class=\\&quot;jet-widgets-icon next-arrow jw-arrow slick-arrow\\&quot;&gt;&lt;svg aria-hidden=\\&quot;true\\&quot; class=\\&quot;e-font-icon-svg e-fas-angle-right\\&quot; viewBox=\\&quot;0 0 256 512\\&quot; xmlns=\\&quot;http:\\\/\\\/www.w3.org\\\/2000\\\/svg\\&quot;&gt;&lt;path d=\\&quot;M224.3 273l-136 136c-9.4 9.4-24.6 9.4-33.9 0l-22.6-22.6c-9.4-9.4-9.4-24.6 0-33.9l96.4-96.4-96.4-96.4c-9.4-9.4-9.4-24.6 0-33.9L54.3 103c9.4-9.4 24.6-9.4 33.9 0l136 136c9.5 9.4 9.5 24.6.1 34z\\&quot;&gt;&lt;\\\/path&gt;&lt;\\\/svg&gt;&lt;\\\/span&gt;&quot;,&quot;rtl&quot;:false}\" dir=\"ltr\">\n<div class=\"jw-carousel__item\">\n\t<div class=\"jw-carousel__item-inner\"><a href=\"https:\/\/www.flickr.com\/photos\/reserva_natural_palmari\/albums\/72177720327455766\" class=\"jw-carousel__item-link\" target=\"_blank\"><img decoding=\"async\" src=\"https:\/\/new.palmari.org\/esp\/wp-content\/uploads\/sites\/4\/2025\/10\/visitors-center-reserva-natural-palmari.jpg\" alt=\"\" class=\"jw-carousel__item-img\"><\/a><div class=\"jw-carousel__content\"><h5 class=\"jw-carousel__item-title\">Centro de Visitantes<\/h5><\/div><\/div>\n<\/div>\n<div class=\"jw-carousel__item\">\n\t<div class=\"jw-carousel__item-inner\"><a href=\"https:\/\/www.flickr.com\/photos\/reserva_natural_palmari\/albums\/72177720327453930\" class=\"jw-carousel__item-link\" target=\"_blank\"><img decoding=\"async\" src=\"https:\/\/new.palmari.org\/esp\/wp-content\/uploads\/sites\/4\/2025\/10\/catering-reserva-natural-palmari.jpg\" alt=\"\" class=\"jw-carousel__item-img\"><\/a><div class=\"jw-carousel__content\"><h5 class=\"jw-carousel__item-title\">Gastronom\u00eda<\/h5><\/div><\/div>\n<\/div>\n<div class=\"jw-carousel__item\">\n\t<div class=\"jw-carousel__item-inner\"><a href=\"https:\/\/www.flickr.com\/photos\/reserva_natural_palmari\/albums\/72177720327474953\/\" class=\"jw-carousel__item-link\" target=\"_blank\"><img decoding=\"async\" src=\"https:\/\/new.palmari.org\/esp\/wp-content\/uploads\/sites\/4\/2025\/10\/birds-reserva-natural-palmari.jpg\" alt=\"\" class=\"jw-carousel__item-img\"><\/a><div class=\"jw-carousel__content\"><h5 class=\"jw-carousel__item-title\">Aves<\/h5><\/div><\/div>\n<\/div>\n<div class=\"jw-carousel__item\">\n\t<div class=\"jw-carousel__item-inner\"><a href=\"https:\/\/www.flickr.com\/photos\/reserva_natural_palmari\/albums\/72177720327480174\/\" class=\"jw-carousel__item-link\" target=\"_blank\"><img decoding=\"async\" src=\"https:\/\/new.palmari.org\/esp\/wp-content\/uploads\/sites\/4\/2025\/10\/wild-life-reserva-natural-palmari.jpg\" alt=\"\" class=\"jw-carousel__item-img\"><\/a><div class=\"jw-carousel__content\"><h5 class=\"jw-carousel__item-title\">Vida Silvestre<\/h5><\/div><\/div>\n<\/div>\n<div class=\"jw-carousel__item\">\n\t<div class=\"jw-carousel__item-inner\"><a href=\"https:\/\/www.flickr.com\/photos\/reserva_natural_palmari\/albums\/72177720327455251\/\" class=\"jw-carousel__item-link\" target=\"_blank\"><img decoding=\"async\" src=\"https:\/\/new.palmari.org\/esp\/wp-content\/uploads\/sites\/4\/2025\/10\/fruit-flower-reserva-natural-palmari.jpg\" alt=\"\" class=\"jw-carousel__item-img\"><\/a><div class=\"jw-carousel__content\"><h5 class=\"jw-carousel__item-title\">Frutas y Flores<\/h5><\/div><\/div>\n<\/div>\n<div class=\"jw-carousel__item\">\n\t<div class=\"jw-carousel__item-inner\"><a href=\"https:\/\/www.flickr.com\/photos\/reserva_natural_palmari\/albums\/72177720327493489\" class=\"jw-carousel__item-link\" target=\"_blank\"><img decoding=\"async\" src=\"https:\/\/new.palmari.org\/esp\/wp-content\/uploads\/sites\/4\/2025\/10\/maps-reserva-natural-palmari.jpg\" alt=\"\" class=\"jw-carousel__item-img\"><\/a><div class=\"jw-carousel__content\"><h5 class=\"jw-carousel__item-title\">Mapas<\/h5><\/div><\/div>\n<\/div>\n<\/div><\/div>\n<\/div>\t\t\t\t<\/div>\n\t\t\t\t<\/div>\n\t\t\t\t<div class=\"elementor-element elementor-element-10bdbf4 elementor-hidden-desktop elementor-hidden-tablet elementor-widget elementor-widget-jw-carousel\" data-id=\"10bdbf4\" data-element_type=\"widget\" data-settings=\"{&quot;slides_to_show&quot;:&quot;3&quot;,&quot;slides_to_show_mobile&quot;:&quot;5&quot;}\" data-widget_type=\"jw-carousel.default\">\n\t\t\t\t<div class=\"elementor-widget-container\">\n\t\t\t\t\t<div class=\"elementor-jw-carousel jet-widgets\"><div class=\"jw-carousel-wrap\">\n\t<div class=\"jw-carousel elementor-slick-slider\" data-slider_options=\"{&quot;autoplaySpeed&quot;:5000,&quot;autoplay&quot;:true,&quot;infinite&quot;:true,&quot;pauseOnHover&quot;:false,&quot;speed&quot;:500,&quot;arrows&quot;:true,&quot;dots&quot;:false,&quot;slidesToScroll&quot;:1,&quot;prevArrow&quot;:&quot;&lt;span class=\\&quot;jet-widgets-icon prev-arrow jw-arrow slick-arrow\\&quot;&gt;&lt;svg aria-hidden=\\&quot;true\\&quot; class=\\&quot;e-font-icon-svg e-fas-angle-up\\&quot; viewBox=\\&quot;0 0 320 512\\&quot; xmlns=\\&quot;http:\\\/\\\/www.w3.org\\\/2000\\\/svg\\&quot;&gt;&lt;path d=\\&quot;M177 159.7l136 136c9.4 9.4 9.4 24.6 0 33.9l-22.6 22.6c-9.4 9.4-24.6 9.4-33.9 0L160 255.9l-96.4 96.4c-9.4 9.4-24.6 9.4-33.9 0L7 329.7c-9.4-9.4-9.4-24.6 0-33.9l136-136c9.4-9.5 24.6-9.5 34-.1z\\&quot;&gt;&lt;\\\/path&gt;&lt;\\\/svg&gt;&lt;\\\/span&gt;&quot;,&quot;variableWidth&quot;:false,&quot;vertical&quot;:true,&quot;nextArrow&quot;:&quot;&lt;span class=\\&quot;jet-widgets-icon next-arrow jw-arrow slick-arrow\\&quot;&gt;&lt;svg aria-hidden=\\&quot;true\\&quot; class=\\&quot;e-font-icon-svg e-fas-angle-down\\&quot; viewBox=\\&quot;0 0 320 512\\&quot; xmlns=\\&quot;http:\\\/\\\/www.w3.org\\\/2000\\\/svg\\&quot;&gt;&lt;path d=\\&quot;M143 352.3L7 216.3c-9.4-9.4-9.4-24.6 0-33.9l22.6-22.6c9.4-9.4 24.6-9.4 33.9 0l96.4 96.4 96.4-96.4c9.4-9.4 24.6-9.4 33.9 0l22.6 22.6c9.4 9.4 9.4 24.6 0 33.9l-136 136c-9.2 9.4-24.4 9.4-33.8 0z\\&quot;&gt;&lt;\\\/path&gt;&lt;\\\/svg&gt;&lt;\\\/span&gt;&quot;,&quot;rtl&quot;:false}\" dir=\"ltr\">\n<div class=\"jw-carousel__item\">\n\t<div class=\"jw-carousel__item-inner\"><a href=\"https:\/\/www.flickr.com\/photos\/reserva_natural_palmari\/albums\/72177720327455766\" class=\"jw-carousel__item-link\" target=\"_blank\"><img decoding=\"async\" src=\"https:\/\/new.palmari.org\/esp\/wp-content\/uploads\/sites\/4\/2025\/10\/visitors-center-reserva-natural-palmari.jpg\" alt=\"\" class=\"jw-carousel__item-img\"><\/a><div class=\"jw-carousel__content\"><h5 class=\"jw-carousel__item-title\">Centro de Visitantes<\/h5><\/div><\/div>\n<\/div>\n<div class=\"jw-carousel__item\">\n\t<div class=\"jw-carousel__item-inner\"><a href=\"https:\/\/www.flickr.com\/photos\/reserva_natural_palmari\/albums\/72177720327453930\" class=\"jw-carousel__item-link\" target=\"_blank\"><img decoding=\"async\" src=\"https:\/\/new.palmari.org\/esp\/wp-content\/uploads\/sites\/4\/2025\/10\/catering-reserva-natural-palmari.jpg\" alt=\"\" class=\"jw-carousel__item-img\"><\/a><div class=\"jw-carousel__content\"><h5 class=\"jw-carousel__item-title\">Gastronom\u00eda<\/h5><\/div><\/div>\n<\/div>\n<div class=\"jw-carousel__item\">\n\t<div class=\"jw-carousel__item-inner\"><a href=\"https:\/\/www.flickr.com\/photos\/reserva_natural_palmari\/albums\/72177720327474953\/\" class=\"jw-carousel__item-link\" target=\"_blank\"><img decoding=\"async\" src=\"https:\/\/new.palmari.org\/esp\/wp-content\/uploads\/sites\/4\/2025\/10\/birds-reserva-natural-palmari.jpg\" alt=\"\" class=\"jw-carousel__item-img\"><\/a><div class=\"jw-carousel__content\"><h5 class=\"jw-carousel__item-title\">Aves<\/h5><\/div><\/div>\n<\/div>\n<div class=\"jw-carousel__item\">\n\t<div class=\"jw-carousel__item-inner\"><a href=\"https:\/\/www.flickr.com\/photos\/reserva_natural_palmari\/albums\/72177720327480174\/\" class=\"jw-carousel__item-link\" target=\"_blank\"><img decoding=\"async\" src=\"https:\/\/new.palmari.org\/esp\/wp-content\/uploads\/sites\/4\/2025\/10\/wild-life-reserva-natural-palmari.jpg\" alt=\"\" class=\"jw-carousel__item-img\"><\/a><div class=\"jw-carousel__content\"><h5 class=\"jw-carousel__item-title\">Vida Silvestre<\/h5><\/div><\/div>\n<\/div>\n<div class=\"jw-carousel__item\">\n\t<div class=\"jw-carousel__item-inner\"><a href=\"https:\/\/www.flickr.com\/photos\/reserva_natural_palmari\/albums\/72177720327455251\/\" class=\"jw-carousel__item-link\" target=\"_blank\"><img decoding=\"async\" src=\"https:\/\/new.palmari.org\/esp\/wp-content\/uploads\/sites\/4\/2025\/10\/fruit-flower-reserva-natural-palmari.jpg\" alt=\"\" class=\"jw-carousel__item-img\"><\/a><div class=\"jw-carousel__content\"><h5 class=\"jw-carousel__item-title\">Frutas y Flores<\/h5><\/div><\/div>\n<\/div>\n<div class=\"jw-carousel__item\">\n\t<div class=\"jw-carousel__item-inner\"><a href=\"https:\/\/www.flickr.com\/photos\/reserva_natural_palmari\/albums\/72177720327493489\" class=\"jw-carousel__item-link\" target=\"_blank\"><img decoding=\"async\" src=\"https:\/\/new.palmari.org\/esp\/wp-content\/uploads\/sites\/4\/2025\/10\/maps-reserva-natural-palmari.jpg\" alt=\"\" class=\"jw-carousel__item-img\"><\/a><div class=\"jw-carousel__content\"><h5 class=\"jw-carousel__item-title\">Mapas<\/h5><\/div><\/div>\n<\/div>\n<\/div><\/div>\n<\/div>\t\t\t\t<\/div>\n\t\t\t\t<\/div>\n\t\t\t\t<\/div>\n\t\t\t\t\t<\/div>\n\t\t\t\t<\/div>\n\t\t\t\t<\/div>\n\t\t","protected":false},"excerpt":{"rendered":"<p>Explora Nuestras Galer\u00edas Ad\u00e9ntrate en el exuberante y verde abrazo del entorno amaz\u00f3nico a trav\u00e9s de nuestras cautivadoras colecciones fotogr\u00e1ficas.En la Reserva Natural Palmari, acercamos las maravillas de la selva tropical a tus sentidos, permiti\u00e9ndote admirar la impresionante belleza de su vida silvestre desde la comodidad de tu propio espacio. D\u00e9jate maravillar por el caleidoscopio [&hellip;]<\/p>\n","protected":false},"author":3,"featured_media":0,"parent":0,"menu_order":0,"comment_status":"closed","ping_status":"closed","template":"elementor_header_footer","meta":{"_acf_changed":false,"_trash_the_other_posts":false,"editor_notices":[],"_joinchat":[],"footnotes":""},"class_list":["post-5867","page","type-page","status-publish","hentry"],"acf":[],"aioseo_notices":[],"_links":{"self":[{"href":"https:\/\/new.palmari.org\/esp\/wp-json\/wp\/v2\/pages\/5867","targetHints":{"allow":["GET"]}}],"collection":[{"href":"https:\/\/new.palmari.org\/esp\/wp-json\/wp\/v2\/pages"}],"about":[{"href":"https:\/\/new.palmari.org\/esp\/wp-json\/wp\/v2\/types\/page"}],"author":[{"embeddable":true,"href":"https:\/\/new.palmari.org\/esp\/wp-json\/wp\/v2\/users\/3"}],"replies":[{"embeddable":true,"href":"https:\/\/new.palmari.org\/esp\/wp-json\/wp\/v2\/comments?post=5867"}],"version-history":[{"count":16,"href":"https:\/\/new.palmari.org\/esp\/wp-json\/wp\/v2\/pages\/5867\/revisions"}],"predecessor-version":[{"id":5975,"href":"https:\/\/new.palmari.org\/esp\/wp-json\/wp\/v2\/pages\/5867\/revisions\/5975"}],"wp:attachment":[{"href":"https:\/\/new.palmari.org\/esp\/wp-json\/wp\/v2\/media?parent=5867"}],"curies":[{"name":"wp","href":"https:\/\/api.w.org\/{rel}","templated":true}]}}